{"id":7470,"date":"2019-07-03T15:12:22","date_gmt":"2019-07-03T18:12:22","guid":{"rendered":"http:\/\/www.secundarioonline.com.ar\/web\/?page_id=7470"},"modified":"2026-03-11T15:10:53","modified_gmt":"2026-03-11T18:10:53","slug":"preguntas-frecuentes","status":"publish","type":"page","link":"https:\/\/www.secundarioonline.com.ar\/web\/preguntas-frecuentes\/","title":{"rendered":"Preguntas Frecuentes"},"content":{"rendered":"<p>[vc_row full_width=&#8221;stretch_row&#8221;][vc_column][vc_row_inner css=&#8221;.vc_custom_1604622248683{margin-top: 50px !important;}&#8221;][vc_column_inner width=&#8221;1\/6&#8243;][\/vc_column_inner][vc_column_inner width=&#8221;2\/3&#8243; css=&#8221;.vc_custom_1605589704376{padding-right: 35px !important;padding-left: 35px !important;}&#8221; offset=&#8221;vc_hidden-xs&#8221;][vc_column_text]<\/p>\n<p style=\"text-align: center;\"><span style=\"color: #132467; font-size: 35pt; font-family: roboto; font-weight: 100;\">Preguntas Frecuentes<\/span><\/p>\n<p>[\/vc_column_text][\/vc_column_inner][vc_column_inner width=&#8221;1\/6&#8243;][\/vc_column_inner][\/vc_row_inner][vc_row_inner][vc_column_inner width=&#8221;1\/6&#8243;][\/vc_column_inner][vc_column_inner width=&#8221;2\/3&#8243; css=&#8221;.vc_custom_1605589710920{padding-right: 35px !important;padding-left: 35px !important;}&#8221; offset=&#8221;vc_hidden-lg vc_hidden-md vc_hidden-sm&#8221;][vc_column_text]<\/p>\n<p style=\"text-align: center;\"><span style=\"color: #132467; font-size: 22pt; font-family: roboto; font-weight: 100;\">Preguntas Frecuentes<\/span><\/p>\n<p>[\/vc_column_text][\/vc_column_inner][vc_column_inner width=&#8221;1\/6&#8243;][\/vc_column_inner][\/vc_row_inner][\/vc_column][\/vc_row][vc_row full_width=&#8221;stretch_row&#8221;][vc_column][vc_row_inner][vc_column_inner width=&#8221;1\/6&#8243;][\/vc_column_inner][vc_column_inner width=&#8221;2\/3&#8243; css=&#8221;.vc_custom_1657061105337{margin-bottom: 40px !important;padding-right: 35px !important;padding-left: 35px !important;}&#8221;][vc_single_image image=&#8221;14004&#8243; img_size=&#8221;full&#8221;][\/vc_column_inner][vc_column_inner width=&#8221;1\/6&#8243;][\/vc_column_inner][\/vc_row_inner][\/vc_column][\/vc_row][vc_row full_width=&#8221;stretch_row&#8221;][vc_column][vc_row_inner][vc_column_inner width=&#8221;1\/6&#8243;][\/vc_column_inner][vc_column_inner width=&#8221;2\/3&#8243; css=&#8221;.vc_custom_1562785573963{padding-right: 35px !important;padding-left: 35px !important;}&#8221;][vc_wp_text el_class=&#8221;sg-popup-id-9798&#8243;]<span style=\"font-size: 1.3em; color: #da001c;\"><strong>\u00bfQui\u00e9nes pueden anotarse?<\/strong><\/span><\/p>\n<p>Nuestro bachillerato no tiene l\u00edmite de edad, como m\u00ednimo debes tener 18 a\u00f1os. El \u00fanico requisito es que tengas finalizados los estudios primarios. Pod\u00e9s inscribirte con una fotocopia del DNI y una constancia de estudios anteriores.[\/vc_wp_text][\/vc_column_inner][vc_column_inner width=&#8221;1\/6&#8243;][\/vc_column_inner][\/vc_row_inner][vc_row_inner css=&#8221;.vc_custom_1656959201740{margin-top: 40px !important;}&#8221;][vc_column_inner width=&#8221;1\/6&#8243;][\/vc_column_inner][vc_column_inner width=&#8221;2\/3&#8243; css=&#8221;.vc_custom_1562785573963{padding-right: 35px !important;padding-left: 35px !important;}&#8221;][vc_wp_text el_class=&#8221;sg-popup-id-9798&#8243;]<span style=\"font-size: 1.3em; color: #da001c;\"><strong>\u00bfQu\u00e9 t\u00edtulo obtengo?<\/strong><\/span><\/p>\n<p>Esba es una Instituci\u00f3n educativa Oficial (DIEGEP 6278). Te otorgar\u00e1 el t\u00edtulo de Bachiller con Orientaci\u00f3n en Ciencias Naturales, Salud y Medio Ambiente. Con nuestro t\u00edtulo podr\u00e1s inscribirte en cualquier universidad p\u00fablica o privada, presentarlo en tu trabajo o realizar cualquier curso que requiera el secundario terminado. Nuestro t\u00edtulo tiene la misma validez que cualquier colegio p\u00fablico o privado.[\/vc_wp_text][\/vc_column_inner][vc_column_inner width=&#8221;1\/6&#8243;][\/vc_column_inner][\/vc_row_inner][\/vc_column][\/vc_row][vc_row full_width=&#8221;stretch_row&#8221;][vc_column][vc_row_inner css=&#8221;.vc_custom_1656959253704{margin-top: 40px !important;}&#8221;][vc_column_inner width=&#8221;1\/6&#8243;][\/vc_column_inner][vc_column_inner width=&#8221;2\/3&#8243; css=&#8221;.vc_custom_1562785573963{padding-right: 35px !important;padding-left: 35px !important;}&#8221;][vc_wp_text el_class=&#8221;sg-popup-id-9798&#8243;]<span style=\"font-size: 1.3em; color: #da001c;\"><strong>\u00bfEn cu\u00e1nto tiempo me recibo?<\/strong><\/span><\/p>\n<p>Nuestro plan de estudios te ofrece la posibilidad que te grad\u00faes en 16 meses o menos.<br \/>\nSi ya ten\u00e9s estudios secundarios cursados, presentas un certificado anal\u00edtico y evaluaremos si pod\u00e9s terminarlo en menos tiempo.[\/vc_wp_text][\/vc_column_inner][vc_column_inner width=&#8221;1\/6&#8243;][\/vc_column_inner][\/vc_row_inner][vc_row_inner css=&#8221;.vc_custom_1656959253704{margin-top: 40px !important;}&#8221;][vc_column_inner width=&#8221;1\/6&#8243;][\/vc_column_inner][vc_column_inner width=&#8221;2\/3&#8243; css=&#8221;.vc_custom_1562785573963{padding-right: 35px !important;padding-left: 35px !important;}&#8221;][vc_wp_text el_class=&#8221;sg-popup-id-9798&#8243;]<span style=\"font-size: 1.3em; color: #da001c;\"><strong>\u00bfEn qu\u00e9 fechas puedo anotarme?<\/strong><\/span><\/p>\n<p>La inscripci\u00f3n se encuentra abierta todo el a\u00f1o. Te inscrib\u00eds y comenz\u00e1s a cursar en el momento.[\/vc_wp_text][\/vc_column_inner][vc_column_inner width=&#8221;1\/6&#8243;][\/vc_column_inner][\/vc_row_inner][vc_row_inner css=&#8221;.vc_custom_1656959253704{margin-top: 40px !important;}&#8221;][vc_column_inner width=&#8221;1\/6&#8243;][\/vc_column_inner][vc_column_inner width=&#8221;2\/3&#8243; css=&#8221;.vc_custom_1562785573963{padding-right: 35px !important;padding-left: 35px !important;}&#8221;][vc_wp_text el_class=&#8221;sg-popup-id-9798&#8243;]<span style=\"font-size: 1.3em; color: #da001c;\"><strong>\u00bfQu\u00e9 documentaci\u00f3n necesito para inscribirme?<\/strong><\/span><\/p>\n<p>Foto del DNI (Frente y Dorso) , Foto de la partida de nacimiento y certificado de estudios cursados con anterioridad.[\/vc_wp_text][\/vc_column_inner][vc_column_inner width=&#8221;1\/6&#8243;][\/vc_column_inner][\/vc_row_inner][vc_row_inner css=&#8221;.vc_custom_1656959253704{margin-top: 40px !important;}&#8221;][vc_column_inner width=&#8221;1\/6&#8243;][\/vc_column_inner][vc_column_inner width=&#8221;2\/3&#8243; css=&#8221;.vc_custom_1562785573963{padding-right: 35px !important;padding-left: 35px !important;}&#8221;][vc_empty_space height=&#8221;62px&#8221;][\/vc_column_inner][vc_column_inner width=&#8221;1\/6&#8243;][\/vc_column_inner][\/vc_row_inner][\/vc_column][\/vc_row][vc_row full_width=&#8221;stretch_row&#8221; content_placement=&#8221;middle&#8221; css=&#8221;.vc_custom_1606192011649{background-color: #e5e5e5 !important;}&#8221;][vc_column width=&#8221;1\/6&#8243;][\/vc_column][vc_column width=&#8221;2\/3&#8243;][vc_row_inner][vc_column_inner offset=&#8221;vc_hidden-xs&#8221;][vc_column_text]Complet\u00e1 el formulario y recib\u00ed m\u00e1s informaci\u00f3n[\/vc_column_text][vc_wp_text]\n<div class=\"wpcf7 no-js\" id=\"wpcf7-f11125-o1\" lang=\"en-US\" dir=\"ltr\" data-wpcf7-id=\"11125\">\n<div class=\"screen-reader-response\"><p role=\"status\" aria-live=\"polite\" aria-atomic=\"true\"><\/p> <ul><\/ul><\/div>\n<form action=\"\/web\/wp-json\/wp\/v2\/pages\/7470#wpcf7-f11125-o1\" method=\"post\" class=\"wpcf7-form init cf7-style\" aria-label=\"Contact form\" novalidate=\"novalidate\" data-status=\"init\">\n<fieldset class=\"hidden-fields-container\"><input type=\"hidden\" name=\"_wpcf7\" value=\"11125\" \/><input type=\"hidden\" name=\"_wpcf7_version\" value=\"6.1.5\" \/><input type=\"hidden\" name=\"_wpcf7_locale\" value=\"en_US\" \/><input type=\"hidden\" name=\"_wpcf7_unit_tag\" value=\"wpcf7-f11125-o1\" \/><input type=\"hidden\" name=\"_wpcf7_container_post\" value=\"0\" \/><input type=\"hidden\" name=\"_wpcf7_posted_data_hash\" value=\"\" \/><input type=\"hidden\" name=\"_wpcf7cf_hidden_group_fields\" value=\"[]\" \/><input type=\"hidden\" name=\"_wpcf7cf_hidden_groups\" value=\"[]\" \/><input type=\"hidden\" name=\"_wpcf7cf_visible_groups\" value=\"[]\" \/><input type=\"hidden\" name=\"_wpcf7cf_repeaters\" value=\"[]\" \/><input type=\"hidden\" name=\"_wpcf7cf_steps\" value=\"{}\" \/><input type=\"hidden\" name=\"_wpcf7cf_options\" value=\"{&quot;form_id&quot;:11125,&quot;conditions&quot;:[{&quot;then_field&quot;:&quot;-1&quot;,&quot;and_rules&quot;:[{&quot;if_field&quot;:&quot;-1&quot;,&quot;operator&quot;:&quot;equals&quot;,&quot;if_value&quot;:&quot;Presencial&quot;}]},{&quot;then_field&quot;:&quot;-1&quot;,&quot;and_rules&quot;:[{&quot;if_field&quot;:&quot;-1&quot;,&quot;operator&quot;:&quot;equals&quot;,&quot;if_value&quot;:&quot;No Presencial&quot;}]}],&quot;settings&quot;:{&quot;animation&quot;:&quot;yes&quot;,&quot;animation_intime&quot;:200,&quot;animation_outtime&quot;:200,&quot;conditions_ui&quot;:&quot;normal&quot;,&quot;notice_dismissed&quot;:false}}\" \/>\n<\/fieldset>\n<div class=\"wpcf7-turnstile cf-turnstile\" data-sitekey=\"0x4AAAAAACkCoOXm-8N4vanB\" data-response-field-name=\"_wpcf7_turnstile_response\"><\/div>\n\n<div class=\"row\">\n\t<div class=\"col-xs-12 col-md-8\">\n\t\t<div class=\"row\">\n\t\t\t<div class=\"col-xs-12 col-md-6\" style=\"margin-top:-30px;\">\n\t\t\t\t<p><span style=\"color: #003366; font-size: 0.8em; font-family: roboto; font-weight: 300;\">Nombre*<\/span><span class=\"wpcf7-form-control-wrap\" data-name=\"nombre\"><input size=\"40\" maxlength=\"400\" class=\"wpcf7-form-control wpcf7-text wpcf7-validates-as-required\" id=\"campo-home\" aria-required=\"true\" aria-invalid=\"false\" value=\"\" type=\"text\" name=\"nombre\" \/><\/span>\n\t\t\t\t<\/p>\n\t\t\t<\/div>\n\t\t\t<div class=\"col-xs-12 col-md-6\" style=\"margin-top:-30px;\">\n\t\t\t\t<p><span style=\"color: #003366; font-size: 0.8em; font-family: roboto; font-weight: 300;\">Apellido*<\/span><span class=\"wpcf7-form-control-wrap\" data-name=\"apellido\"><input size=\"40\" maxlength=\"400\" class=\"wpcf7-form-control wpcf7-text wpcf7-validates-as-required\" aria-required=\"true\" aria-invalid=\"false\" value=\"\" type=\"text\" name=\"apellido\" \/><\/span>\n\t\t\t\t<\/p>\n\t\t\t<\/div>\n\t\t<\/div>\n\t\t<div class=\"row\">\n\t\t\t<div class=\"col-xs-12 col-sm-6\" style=\"margin-top:-30px;\">\n\t\t\t\t<p><span style=\"color: #003366; font-size: 0.8em; font-family: roboto; font-weight: 300;\">Provincia*<\/span><span class=\"wpcf7-form-control-wrap\" data-name=\"provincia\"><select class=\"wpcf7-form-control wpcf7-select wpcf7-validates-as-required\" aria-required=\"true\" aria-invalid=\"false\" name=\"provincia\"><option value=\"\">&#8212;Please choose an option&#8212;<\/option><option value=\"Buenos Aires\">Buenos Aires<\/option><option value=\"CABA\">CABA<\/option><option value=\"Catamarca\">Catamarca<\/option><option value=\"Chaco\">Chaco<\/option><option value=\"Chubut\">Chubut<\/option><option value=\"C\u00f3rdoba\">C\u00f3rdoba<\/option><option value=\"Corrientes\">Corrientes<\/option><option value=\"Entre R\u00edos\">Entre R\u00edos<\/option><option value=\"Formosa\">Formosa<\/option><option value=\"Jujuy\">Jujuy<\/option><option value=\"La Pampa\">La Pampa<\/option><option value=\"La Rioja\">La Rioja<\/option><option value=\"Mendoza\">Mendoza<\/option><option value=\"Misiones\">Misiones<\/option><option value=\"Neuqu\u00e9n\">Neuqu\u00e9n<\/option><option value=\"R\u00edo Negro\">R\u00edo Negro<\/option><option value=\"Salta\">Salta<\/option><option value=\"San Juan\">San Juan<\/option><option value=\"San Luis\">San Luis<\/option><option value=\"Santa Cruz\">Santa Cruz<\/option><option value=\"Santa Fe\">Santa Fe<\/option><option value=\"Santiago del Estero\">Santiago del Estero<\/option><option value=\"Tierra del Fuego\">Tierra del Fuego<\/option><option value=\"Tucum\u00e1n\">Tucum\u00e1n<\/option><\/select><\/span>\n\t\t\t\t<\/p>\n\t\t\t<\/div>\n\t\t\t<div class=\"col-xs-12 col-sm-6\" style=\"margin-top:-30px;\">\n\t\t\t\t<p><span style=\"color: #003366; font-size: 0.8em; font-family: roboto; font-weight: 300;\">Localidad*<\/span><span class=\"wpcf7-form-control-wrap\" data-name=\"localidad\"><input size=\"40\" maxlength=\"400\" class=\"wpcf7-form-control wpcf7-text wpcf7-validates-as-required\" aria-required=\"true\" aria-invalid=\"false\" value=\"\" type=\"text\" name=\"localidad\" \/><\/span>\n\t\t\t\t<\/p>\n\t\t\t<\/div>\n\t\t<\/div>\n\t\t<div class=\"row\">\n\t\t\t<div class=\"col-xs-12 col-sm-6\" style=\"margin-top:-30px;\">\n\t\t\t\t<p><span style=\"color: #003366; font-size: 0.8em; font-family: roboto; font-weight: 300;\">C\u00f3d. de \u00c1rea Celular*<\/span><span class=\"wpcf7-form-control-wrap\" data-name=\"caracteristica_celular\"><input size=\"40\" maxlength=\"400\" class=\"wpcf7-form-control wpcf7-tel wpcf7-validates-as-required wpcf7-text wpcf7-validates-as-tel\" aria-required=\"true\" aria-invalid=\"false\" placeholder=\"0\" value=\"\" type=\"tel\" name=\"caracteristica_celular\" \/><\/span>\n\t\t\t\t<\/p>\n\t\t\t<\/div>\n\t\t\t<div class=\"col-xs-12 col-sm-6\" style=\"margin-top:-30px;\">\n\t\t\t\t<p><span style=\"color: #003366; font-size: 0.8em; font-family: roboto; font-weight: 300;\">Celular N\u00famero*<\/span><span class=\"wpcf7-form-control-wrap\" data-name=\"numero_celular\"><input size=\"40\" maxlength=\"400\" class=\"wpcf7-form-control wpcf7-tel wpcf7-validates-as-required wpcf7-text wpcf7-validates-as-tel\" aria-required=\"true\" aria-invalid=\"false\" placeholder=\"15\" value=\"\" type=\"tel\" name=\"numero_celular\" \/><\/span>\n\t\t\t\t<\/p>\n\t\t\t<\/div>\n\t\t<\/div>\n\t<\/div>\n\t<div class=\"col-xs-12 col-sm-4\">\n\t\t<div class=\"row\">\n\t\t\t<div class=\"col-xs-12 col-sm-12\" style=\"margin-top:-30px;\">\n\t\t\t\t<p><span style=\"color: #003366; font-size: 0.8em; font-family: roboto; font-weight: 300;\">Email*<\/span><span class=\"wpcf7-form-control-wrap\" data-name=\"su-email\"><input size=\"40\" maxlength=\"400\" class=\"wpcf7-form-control wpcf7-email wpcf7-validates-as-required wpcf7-text wpcf7-validates-as-email\" aria-required=\"true\" aria-invalid=\"false\" value=\"\" type=\"email\" name=\"su-email\" \/><\/span>\n\t\t\t\t<\/p>\n\t\t\t<\/div>\n\t\t\t<div class=\"col-xs-12 col-sm-12\" style=\"margin-top:-30px;\">\n\t\t\t\t<p><span style=\"color: #003366; font-size: 0.8em; font-family: roboto; font-weight: 300;\">Consultas<\/span><span class=\"wpcf7-form-control-wrap\" data-name=\"message\"><textarea cols=\"8\" rows=\"8\" maxlength=\"2000\" class=\"wpcf7-form-control wpcf7-textarea\" aria-invalid=\"false\" name=\"message\"><\/textarea><\/span>\n\t\t\t\t<\/p>\n\t\t\t<\/div>\n\t\t<\/div>\n\t<\/div>\n<\/div>\n<div class=\"heading-button\" style=\"margin-top:-20px;\">\n\t<p><input class=\"wpcf7-form-control wpcf7-submit has-spinner\" type=\"submit\" value=\"RECIBIR INFORMACI\u00d3N\" \/>\n\t<\/p>\n<\/div><input type='hidden' class='wpcf7-pum' value='{\"closepopup\":false,\"closedelay\":0,\"openpopup\":false,\"openpopup_id\":0}' \/><div class=\"wpcf7-response-output\" aria-hidden=\"true\"><\/div>\n<\/form>\n<\/div>\n[\/vc_wp_text][\/vc_column_inner][\/vc_row_inner][vc_row_inner][vc_column_inner offset=&#8221;vc_hidden-lg vc_hidden-md vc_hidden-sm&#8221; css=&#8221;.vc_custom_1636909886307{padding-right: 30px !important;padding-left: 30px !important;}&#8221;][vc_column_text]Complet\u00e1 el formulario y recib\u00ed m\u00e1s informaci\u00f3n[\/vc_column_text][vc_wp_text]\n<div class=\"wpcf7 no-js\" id=\"wpcf7-f11125-o2\" lang=\"en-US\" dir=\"ltr\" data-wpcf7-id=\"11125\">\n<div class=\"screen-reader-response\"><p role=\"status\" aria-live=\"polite\" aria-atomic=\"true\"><\/p> <ul><\/ul><\/div>\n<form action=\"\/web\/wp-json\/wp\/v2\/pages\/7470#wpcf7-f11125-o2\" method=\"post\" class=\"wpcf7-form init cf7-style\" aria-label=\"Contact form\" novalidate=\"novalidate\" data-status=\"init\">\n<fieldset class=\"hidden-fields-container\"><input type=\"hidden\" name=\"_wpcf7\" value=\"11125\" \/><input type=\"hidden\" name=\"_wpcf7_version\" value=\"6.1.5\" \/><input type=\"hidden\" name=\"_wpcf7_locale\" value=\"en_US\" \/><input type=\"hidden\" name=\"_wpcf7_unit_tag\" value=\"wpcf7-f11125-o2\" \/><input type=\"hidden\" name=\"_wpcf7_container_post\" value=\"0\" \/><input type=\"hidden\" name=\"_wpcf7_posted_data_hash\" value=\"\" \/><input type=\"hidden\" name=\"_wpcf7cf_hidden_group_fields\" value=\"[]\" \/><input type=\"hidden\" name=\"_wpcf7cf_hidden_groups\" value=\"[]\" \/><input type=\"hidden\" name=\"_wpcf7cf_visible_groups\" value=\"[]\" \/><input type=\"hidden\" name=\"_wpcf7cf_repeaters\" value=\"[]\" \/><input type=\"hidden\" name=\"_wpcf7cf_steps\" value=\"{}\" \/><input type=\"hidden\" name=\"_wpcf7cf_options\" value=\"{&quot;form_id&quot;:11125,&quot;conditions&quot;:[{&quot;then_field&quot;:&quot;-1&quot;,&quot;and_rules&quot;:[{&quot;if_field&quot;:&quot;-1&quot;,&quot;operator&quot;:&quot;equals&quot;,&quot;if_value&quot;:&quot;Presencial&quot;}]},{&quot;then_field&quot;:&quot;-1&quot;,&quot;and_rules&quot;:[{&quot;if_field&quot;:&quot;-1&quot;,&quot;operator&quot;:&quot;equals&quot;,&quot;if_value&quot;:&quot;No Presencial&quot;}]}],&quot;settings&quot;:{&quot;animation&quot;:&quot;yes&quot;,&quot;animation_intime&quot;:200,&quot;animation_outtime&quot;:200,&quot;conditions_ui&quot;:&quot;normal&quot;,&quot;notice_dismissed&quot;:false}}\" \/>\n<\/fieldset>\n<div class=\"wpcf7-turnstile cf-turnstile\" data-sitekey=\"0x4AAAAAACkCoOXm-8N4vanB\" data-response-field-name=\"_wpcf7_turnstile_response\"><\/div>\n\n<div class=\"row\">\n\t<div class=\"col-xs-12 col-md-8\">\n\t\t<div class=\"row\">\n\t\t\t<div class=\"col-xs-12 col-md-6\" style=\"margin-top:-30px;\">\n\t\t\t\t<p><span style=\"color: #003366; font-size: 0.8em; font-family: roboto; font-weight: 300;\">Nombre*<\/span><span class=\"wpcf7-form-control-wrap\" data-name=\"nombre\"><input size=\"40\" maxlength=\"400\" class=\"wpcf7-form-control wpcf7-text wpcf7-validates-as-required\" aria-required=\"true\" aria-invalid=\"false\" value=\"\" type=\"text\" name=\"nombre\" \/><\/span>\n\t\t\t\t<\/p>\n\t\t\t<\/div>\n\t\t\t<div class=\"col-xs-12 col-md-6\" style=\"margin-top:-30px;\">\n\t\t\t\t<p><span style=\"color: #003366; font-size: 0.8em; font-family: roboto; font-weight: 300;\">Apellido*<\/span><span class=\"wpcf7-form-control-wrap\" data-name=\"apellido\"><input size=\"40\" maxlength=\"400\" class=\"wpcf7-form-control wpcf7-text wpcf7-validates-as-required\" aria-required=\"true\" aria-invalid=\"false\" value=\"\" type=\"text\" name=\"apellido\" \/><\/span>\n\t\t\t\t<\/p>\n\t\t\t<\/div>\n\t\t<\/div>\n\t\t<div class=\"row\">\n\t\t\t<div class=\"col-xs-12 col-sm-6\" style=\"margin-top:-30px;\">\n\t\t\t\t<p><span style=\"color: #003366; font-size: 0.8em; font-family: roboto; font-weight: 300;\">Provincia*<\/span><span class=\"wpcf7-form-control-wrap\" data-name=\"provincia\"><select class=\"wpcf7-form-control wpcf7-select wpcf7-validates-as-required\" aria-required=\"true\" aria-invalid=\"false\" name=\"provincia\"><option value=\"\">&#8212;Please choose an option&#8212;<\/option><option value=\"Buenos Aires\">Buenos Aires<\/option><option value=\"CABA\">CABA<\/option><option value=\"Catamarca\">Catamarca<\/option><option value=\"Chaco\">Chaco<\/option><option value=\"Chubut\">Chubut<\/option><option value=\"C\u00f3rdoba\">C\u00f3rdoba<\/option><option value=\"Corrientes\">Corrientes<\/option><option value=\"Entre R\u00edos\">Entre R\u00edos<\/option><option value=\"Formosa\">Formosa<\/option><option value=\"Jujuy\">Jujuy<\/option><option value=\"La Pampa\">La Pampa<\/option><option value=\"La Rioja\">La Rioja<\/option><option value=\"Mendoza\">Mendoza<\/option><option value=\"Misiones\">Misiones<\/option><option value=\"Neuqu\u00e9n\">Neuqu\u00e9n<\/option><option value=\"R\u00edo Negro\">R\u00edo Negro<\/option><option value=\"Salta\">Salta<\/option><option value=\"San Juan\">San Juan<\/option><option value=\"San Luis\">San Luis<\/option><option value=\"Santa Cruz\">Santa Cruz<\/option><option value=\"Santa Fe\">Santa Fe<\/option><option value=\"Santiago del Estero\">Santiago del Estero<\/option><option value=\"Tierra del Fuego\">Tierra del Fuego<\/option><option value=\"Tucum\u00e1n\">Tucum\u00e1n<\/option><\/select><\/span>\n\t\t\t\t<\/p>\n\t\t\t<\/div>\n\t\t\t<div class=\"col-xs-12 col-sm-6\" style=\"margin-top:-30px;\">\n\t\t\t\t<p><span style=\"color: #003366; font-size: 0.8em; font-family: roboto; font-weight: 300;\">Localidad*<\/span><span class=\"wpcf7-form-control-wrap\" data-name=\"localidad\"><input size=\"40\" maxlength=\"400\" class=\"wpcf7-form-control wpcf7-text wpcf7-validates-as-required\" aria-required=\"true\" aria-invalid=\"false\" value=\"\" type=\"text\" name=\"localidad\" \/><\/span>\n\t\t\t\t<\/p>\n\t\t\t<\/div>\n\t\t<\/div>\n\t\t<div class=\"row\">\n\t\t\t<div class=\"col-xs-12 col-sm-6\" style=\"margin-top:-30px;\">\n\t\t\t\t<p><span style=\"color: #003366; font-size: 0.8em; font-family: roboto; font-weight: 300;\">C\u00f3d. de \u00c1rea Celular*<\/span><span class=\"wpcf7-form-control-wrap\" data-name=\"caracteristica_celular\"><input size=\"40\" maxlength=\"400\" class=\"wpcf7-form-control wpcf7-tel wpcf7-validates-as-required wpcf7-text wpcf7-validates-as-tel\" aria-required=\"true\" aria-invalid=\"false\" placeholder=\"0\" value=\"\" type=\"tel\" name=\"caracteristica_celular\" \/><\/span>\n\t\t\t\t<\/p>\n\t\t\t<\/div>\n\t\t\t<div class=\"col-xs-12 col-sm-6\" style=\"margin-top:-30px;\">\n\t\t\t\t<p><span style=\"color: #003366; font-size: 0.8em; font-family: roboto; font-weight: 300;\">Celular N\u00famero*<\/span><span class=\"wpcf7-form-control-wrap\" data-name=\"numero_celular\"><input size=\"40\" maxlength=\"400\" class=\"wpcf7-form-control wpcf7-tel wpcf7-validates-as-required wpcf7-text wpcf7-validates-as-tel\" aria-required=\"true\" aria-invalid=\"false\" placeholder=\"15\" value=\"\" type=\"tel\" name=\"numero_celular\" \/><\/span>\n\t\t\t\t<\/p>\n\t\t\t<\/div>\n\t\t<\/div>\n\t<\/div>\n\t<div class=\"col-xs-12 col-sm-4\">\n\t\t<div class=\"row\">\n\t\t\t<div class=\"col-xs-12 col-sm-12\" style=\"margin-top:-30px;\">\n\t\t\t\t<p><span style=\"color: #003366; font-size: 0.8em; font-family: roboto; font-weight: 300;\">Email*<\/span><span class=\"wpcf7-form-control-wrap\" data-name=\"su-email\"><input size=\"40\" maxlength=\"400\" class=\"wpcf7-form-control wpcf7-email wpcf7-validates-as-required wpcf7-text wpcf7-validates-as-email\" aria-required=\"true\" aria-invalid=\"false\" value=\"\" type=\"email\" name=\"su-email\" \/><\/span>\n\t\t\t\t<\/p>\n\t\t\t<\/div>\n\t\t\t<div class=\"col-xs-12 col-sm-12\" style=\"margin-top:-30px;\">\n\t\t\t\t<p><span style=\"color: #003366; font-size: 0.8em; font-family: roboto; font-weight: 300;\">Consultas<\/span><span class=\"wpcf7-form-control-wrap\" data-name=\"message\"><textarea cols=\"8\" rows=\"8\" maxlength=\"2000\" class=\"wpcf7-form-control wpcf7-textarea\" aria-invalid=\"false\" name=\"message\"><\/textarea><\/span>\n\t\t\t\t<\/p>\n\t\t\t<\/div>\n\t\t<\/div>\n\t<\/div>\n<\/div>\n<div class=\"heading-button\" style=\"margin-top:-20px;\">\n\t<p><input class=\"wpcf7-form-control wpcf7-submit has-spinner\" type=\"submit\" value=\"RECIBIR INFORMACI\u00d3N\" \/>\n\t<\/p>\n<\/div><input type='hidden' class='wpcf7-pum' value='{\"closepopup\":false,\"closedelay\":0,\"openpopup\":false,\"openpopup_id\":0}' \/><div class=\"wpcf7-response-output\" aria-hidden=\"true\"><\/div>\n<\/form>\n<\/div>\n[\/vc_wp_text][\/vc_column_inner][\/vc_row_inner][\/vc_column][vc_column width=&#8221;1\/6&#8243;][\/vc_column][\/vc_row]<\/p>\n","protected":false},"excerpt":{"rendered":"<p>[vc_row full_width=&#8221;stretch_row&#8221;][vc_column][vc_row_inner css=&#8221;.vc_custom_1604622248683{margin-top: 50px !important;}&#8221;][vc_column_inner width=&#8221;1\/6&#8243;][\/vc_column_inner][vc_column_inner width=&#8221;2\/3&#8243; css=&#8221;.vc_custom_1605589704376{padding-right: 35px !important;padding-left: 35px !important;}&#8221; offset=&#8221;vc_hidden-xs&#8221;][vc_column_text] Preguntas Frecuentes [\/vc_column_text][\/vc_column_inner][vc_column_inner width=&#8221;1\/6&#8243;][\/vc_column_inner][\/vc_row_inner][vc_row_inner][vc_column_inner width=&#8221;1\/6&#8243;][\/vc_column_inner][vc_column_inner width=&#8221;2\/3&#8243; css=&#8221;.vc_custom_1605589710920{padding-right:&#8230;<\/p>\n","protected":false},"author":1,"featured_media":0,"parent":0,"menu_order":0,"comment_status":"closed","ping_status":"closed","template":"","meta":{"_joinchat":[],"footnotes":""},"class_list":["post-7470","page","type-page","status-publish","hentry"],"_links":{"self":[{"href":"https:\/\/www.secundarioonline.com.ar\/web\/wp-json\/wp\/v2\/pages\/7470","targetHints":{"allow":["GET"]}}],"collection":[{"href":"https:\/\/www.secundarioonline.com.ar\/web\/wp-json\/wp\/v2\/pages"}],"about":[{"href":"https:\/\/www.secundarioonline.com.ar\/web\/wp-json\/wp\/v2\/types\/page"}],"author":[{"embeddable":true,"href":"https:\/\/www.secundarioonline.com.ar\/web\/wp-json\/wp\/v2\/users\/1"}],"replies":[{"embeddable":true,"href":"https:\/\/www.secundarioonline.com.ar\/web\/wp-json\/wp\/v2\/comments?post=7470"}],"version-history":[{"count":167,"href":"https:\/\/www.secundarioonline.com.ar\/web\/wp-json\/wp\/v2\/pages\/7470\/revisions"}],"predecessor-version":[{"id":16539,"href":"https:\/\/www.secundarioonline.com.ar\/web\/wp-json\/wp\/v2\/pages\/7470\/revisions\/16539"}],"wp:attachment":[{"href":"https:\/\/www.secundarioonline.com.ar\/web\/wp-json\/wp\/v2\/media?parent=7470"}],"curies":[{"name":"wp","href":"https:\/\/api.w.org\/{rel}","templated":true}]}}