{"id":9211,"date":"2020-05-28T20:26:38","date_gmt":"2020-05-28T23:26:38","guid":{"rendered":"http:\/\/www.secundarioonline.com.ar\/web\/?page_id=9211"},"modified":"2022-07-05T21:02:29","modified_gmt":"2022-07-06T00:02:29","slug":"institucional","status":"publish","type":"page","link":"https:\/\/www.secundarioonline.com.ar\/web\/institucional\/","title":{"rendered":"Institucional"},"content":{"rendered":"<p>[vc_row full_width=&#8221;stretch_row&#8221;][vc_column][vc_row_inner css=&#8221;.vc_custom_1604622248683{margin-top: 50px !important;}&#8221;][vc_column_inner width=&#8221;1\/6&#8243;][\/vc_column_inner][vc_column_inner width=&#8221;2\/3&#8243; css=&#8221;.vc_custom_1656801184312{padding-right: 35px !important;padding-left: 35px !important;}&#8221; offset=&#8221;vc_hidden-xs&#8221;][vc_column_text]<\/p>\n<p style=\"text-align: center;\"><span style=\"color: #003366; font-size: 35pt; font-family: roboto; font-weight: 100;\">INSTITUCIONAL<\/span><\/p>\n<p>[\/vc_column_text][vc_single_image image=&#8221;14009&#8243; img_size=&#8221;full&#8221; css=&#8221;.vc_custom_1657064928690{margin-bottom: 60px !important;}&#8221;][vc_empty_space height=&#8221;42px&#8221;][vc_wp_text el_class=&#8221;sg-popup-id-9798&#8243;]<\/p>\n<h3><span style=\"color: #da001c;\">HISTORIA DEL INSTITUTO ESBA<\/span><\/h3>\n<p>ESBA se fund\u00f3 en el a\u00f1o 1971, incorporado a la ense\u00f1anza oficial bajo la \u00f3rbita de la SNEP (Superintendencia Nacional de Ense\u00f1anza Privada) y dependiente del Ministerio de Educaci\u00f3n de la Naci\u00f3n.<br \/>\nDesde su fundaci\u00f3n se dedic\u00f3 a la educaci\u00f3n de adultos siendo el Bachillerato Acelerado y las carreras cortas de nivel superior los principales objetivos a desarrollar.<\/p>\n<p>&nbsp;<\/p>\n<h3><span style=\"color: #da001c;\">SECUNDARIO ONLINE<\/span><\/h3>\n<p>En el a\u00f1o 2000, ESBA incorpora el Bachillerato para Adultos a Distancia en Ciencias Naturales, Salud y Medio Ambiente (Resoluci\u00f3n Ministerial 6794\/00), teniendo presencia y con autorizaci\u00f3n para atender alumnos en la modalidad online en diferentes ciudades de las Provincias de Santa Fe y Buenos Aires.<\/p>\n<p>Adem\u00e1s, el Instituto ha realizado convenios para favorecer la culminaci\u00f3n del secundario con diferentes empresas, sindicatos y otras instituciones: Mimo&amp;Co, Prosegur, Peugeot-Citro\u00ebn, Terminal Zarate Log\u00edstica, Terminal Panamericana Log\u00edstica, Gr\u00faas San Blas, Biomas S.A., Sindicato de Trabajadores de Peajes de la Provincia de Santa Fe, GESTAMP Planta Escobar, entre otras.<br \/>\nTodos nuestros centros cuentan con personal con m\u00e1s de 40 a\u00f1os de experiencia en educaci\u00f3n.<\/p>\n<p>En su Proyecto Educativo, ESBA considera muy importante la relaci\u00f3n con sus alumnos, tratando siempre de brindarles contenci\u00f3n, facilit\u00e1ndoles la resoluci\u00f3n de las dificultades que se les puedan presentar en el desaf\u00edo de iniciar o completar su secundario de manera online.[\/vc_wp_text][vc_empty_space height=&#8221;62px&#8221;][\/vc_column_inner][vc_column_inner width=&#8221;1\/6&#8243;][\/vc_column_inner][\/vc_row_inner][vc_row_inner][vc_column_inner width=&#8221;1\/6&#8243;][\/vc_column_inner][vc_column_inner width=&#8221;2\/3&#8243; css=&#8221;.vc_custom_1605588689866{padding-right: 35px !important;padding-left: 35px !important;}&#8221; offset=&#8221;vc_hidden-lg vc_hidden-md vc_hidden-sm&#8221;][vc_column_text]<\/p>\n<p style=\"text-align: center;\"><span style=\"color: #003366; font-size: 22pt; font-family: roboto; font-weight: 100;\">INSTITUCIONAL<\/span><\/p>\n<p>[\/vc_column_text][vc_single_image image=&#8221;14009&#8243; img_size=&#8221;full&#8221; css=&#8221;.vc_custom_1657064922604{margin-bottom: 60px !important;}&#8221;][vc_empty_space height=&#8221;42px&#8221;][vc_wp_text el_class=&#8221;sg-popup-id-9798&#8243;]<\/p>\n<h4><span style=\"color: #da001c;\">HISTORIA DEL INSTITUTO ESBA<\/span><\/h4>\n<p>ESBA se fund\u00f3 en el a\u00f1o 1971, incorporado a la ense\u00f1anza oficial bajo la \u00f3rbita de la SNEP (Superintendencia Nacional de Ense\u00f1anza Privada) y dependiente del Ministerio de Educaci\u00f3n de la Naci\u00f3n.<br \/>\nDesde su fundaci\u00f3n se dedic\u00f3 a la educaci\u00f3n de adultos siendo el Bachillerato Acelerado y las carreras cortas de nivel superior los principales objetivos a desarrollar.<\/p>\n<p>&nbsp;<\/p>\n<h4><span style=\"color: #da001c;\">SECUNDARIO ONLINE<\/span><\/h4>\n<p>En el a\u00f1o 2000, ESBA incorpora el Bachillerato para Adultos a Distancia en Ciencias Naturales, Salud y Medio Ambiente (Resoluci\u00f3n Ministerial 6794\/00), teniendo presencia y con autorizaci\u00f3n para atender alumnos en la modalidad online en diferentes ciudades de las Provincias de Santa Fe y Buenos Aires.<\/p>\n<p>Adem\u00e1s, el Instituto ha realizado convenios para favorecer la culminaci\u00f3n del secundario con diferentes empresas, sindicatos y otras instituciones: Mimo&amp;Co, Prosegur, Peugeot-Citro\u00ebn, Terminal Zarate Log\u00edstica, Terminal Panamericana Log\u00edstica, Gr\u00faas San Blas, Biomas S.A., Sindicato de Trabajadores de Peajes de la Provincia de Santa Fe, GESTAMP Planta Escobar, entre otras.<br \/>\nTodos nuestros centros cuentan con personal con m\u00e1s de 40 a\u00f1os de experiencia en educaci\u00f3n.<\/p>\n<p>En su Proyecto Educativo, ESBA considera muy importante la relaci\u00f3n con sus alumnos, tratando siempre de brindarles contenci\u00f3n, facilit\u00e1ndoles la resoluci\u00f3n de las dificultades que se les puedan presentar en el desaf\u00edo de iniciar o completar su secundario de manera online.[\/vc_wp_text][vc_empty_space height=&#8221;62px&#8221;][\/vc_column_inner][vc_column_inner width=&#8221;1\/6&#8243;][\/vc_column_inner][\/vc_row_inner][\/vc_column][\/vc_row]<\/p>\n","protected":false},"excerpt":{"rendered":"<p>[vc_row full_width=&#8221;stretch_row&#8221;][vc_column][vc_row_inner css=&#8221;.vc_custom_1604622248683{margin-top: 50px !important;}&#8221;][vc_column_inner width=&#8221;1\/6&#8243;][\/vc_column_inner][vc_column_inner width=&#8221;2\/3&#8243; css=&#8221;.vc_custom_1656801184312{padding-right: 35px !important;padding-left: 35px !important;}&#8221; offset=&#8221;vc_hidden-xs&#8221;][vc_column_text] INSTITUCIONAL [\/vc_column_text][vc_single_image image=&#8221;14009&#8243; img_size=&#8221;full&#8221; css=&#8221;.vc_custom_1657064928690{margin-bottom: 60px !important;}&#8221;][vc_empty_space&#8230;<\/p>\n","protected":false},"author":1,"featured_media":0,"parent":0,"menu_order":0,"comment_status":"closed","ping_status":"closed","template":"","meta":{"_joinchat":[],"footnotes":""},"class_list":["post-9211","page","type-page","status-publish","hentry"],"_links":{"self":[{"href":"https:\/\/www.secundarioonline.com.ar\/web\/wp-json\/wp\/v2\/pages\/9211","targetHints":{"allow":["GET"]}}],"collection":[{"href":"https:\/\/www.secundarioonline.com.ar\/web\/wp-json\/wp\/v2\/pages"}],"about":[{"href":"https:\/\/www.secundarioonline.com.ar\/web\/wp-json\/wp\/v2\/types\/page"}],"author":[{"embeddable":true,"href":"https:\/\/www.secundarioonline.com.ar\/web\/wp-json\/wp\/v2\/users\/1"}],"replies":[{"embeddable":true,"href":"https:\/\/www.secundarioonline.com.ar\/web\/wp-json\/wp\/v2\/comments?post=9211"}],"version-history":[{"count":83,"href":"https:\/\/www.secundarioonline.com.ar\/web\/wp-json\/wp\/v2\/pages\/9211\/revisions"}],"predecessor-version":[{"id":14015,"href":"https:\/\/www.secundarioonline.com.ar\/web\/wp-json\/wp\/v2\/pages\/9211\/revisions\/14015"}],"wp:attachment":[{"href":"https:\/\/www.secundarioonline.com.ar\/web\/wp-json\/wp\/v2\/media?parent=9211"}],"curies":[{"name":"wp","href":"https:\/\/api.w.org\/{rel}","templated":true}]}}